{"id":736,"date":"2015-01-30T07:53:03","date_gmt":"2015-01-30T06:53:03","guid":{"rendered":"https:\/\/swerub.se\/?post_type=product&#038;p=736"},"modified":"2022-06-09T15:23:41","modified_gmt":"2022-06-09T13:23:41","slug":"swerub-d","status":"publish","type":"product","link":"https:\/\/swerub.se\/en\/shop\/cylindrical-dampers\/swerub-d\/","title":{"rendered":"SWERUB D"},"content":{"rendered":"<p><img class=\"aligncenter wp-image-1472\" src=\"https:\/\/swerub.se\/wp-content\/uploads\/2015\/01\/SWERUB-MATT-D-500x301.jpg\" alt=\"\" width=\"400\" height=\"241\" srcset=\"https:\/\/swerub.se\/wp-content\/uploads\/2015\/01\/SWERUB-MATT-D-scaled-500x301.jpg 500w, https:\/\/swerub.se\/wp-content\/uploads\/2015\/01\/SWERUB-MATT-D-910x548.jpg 910w, https:\/\/swerub.se\/wp-content\/uploads\/2015\/01\/SWERUB-MATT-D-1080x650.jpg 1080w\" sizes=\"(max-width: 400px) 100vw, 400px\" \/><\/p>\n<p style=\"text-align: left;\">All measures are in mm<br \/>\n!dimensiontable!<br \/>\nd1; \u00a0 \u00a0 \u00a0 H#Standard; \u00a0 \u00a0 \u00a0 H#<span style=\"color: #000000;\">*<\/span>Optional; d2; h;<br \/>\n6;; 7, 8, 10, 13; M3;;<br \/>\n8;; 6, 8, 10, 13, 15; M3, M4;;<br \/>\n10; <strong>10, 15<\/strong>;#5, 6, 8, 12, 17, 18, 30; <strong>M4#<\/strong>M3; <strong>M4<\/strong>x 5, 10, 15;<br \/>\n12; ; 3.5, 5, 6.5, 7, 10, 12, 13.5, 15, 19; M3, M4;;<br \/>\n15; <strong>7, 10, 15, 20<\/strong>; 3.5, 4, 5, 6, 7.5, 8, 9, 12, 13, 18, 25, 28, 30 ; <strong>M4, M5#<\/strong>M3, M6 M8; <strong>M4<\/strong>x 5, 8, 10, 15#<strong>M5<\/strong>x 5, 8, 15;<br \/>\n18; ; 6, 7.5, 8.5, 10, 13, 15;M5, M6;<br \/>\n20; <strong>8, 10, 12, 15, 20, 25, 30, 35, 40<\/strong>; 5, 7, 9, 11, 13, 17, 18, 23, 60 ;<strong>M6<\/strong>#M4, M5, M8, M10;<strong>M6<\/strong>x 8, 10, 15, 20, 30;<br \/>\n25;<strong> 10, 15, 20, 22, 25, 30<\/strong>; 8, 12, 13, 17, 18, 19, 27, 28, 35, 40, 50 ;<strong>M6, M8<\/strong>#M4, M5, M10, M12;<strong>M6<\/strong>x 10, 15, 20#<strong>M8<\/strong>x 7, 10, 15, 20;<br \/>\n30;<strong> 12, 15, 17, 20, 22, 25, 28, 30, 36, 40<\/strong>; 6, 7, 8, 10, 13, 16, 18, 27, 42, 45, 50;<strong>M8<\/strong>#M5, M6, M10, M12, M16;<strong>M8<\/strong>x 7, 10, 15, 20, 25, 30;<br \/>\n40;<strong> 10, 15, 20, 25, 30, 40<\/strong>; 6, 17, 27, 28, 34, 35, 38, 45, 50, 55, 60;<strong> M8, M10<\/strong>#M5, M6, M12, M16;<strong>M8<\/strong>x 10, 15, 20, 25, 30#<strong>M10<\/strong>x 15, 20, 25, 30;<br \/>\n50;<strong> 15, 20, 25, 30, 36, 40, 42, 45, 48, 50<\/strong>; 7, 9, 10, 12, 17, 18, 22, 27, 28, 37, 55, 60, 65, 70, 80;<strong>M10<\/strong>#M5, M6, M8, M12, M16; <strong>M10<\/strong>x 15, 20, 25, 30;<br \/>\n60; ;15, 20, 25, 30, 35, 40, 45, 50, 60; M6, M8, M10, M12, M14, M16;;<br \/>\n70; ;20, 25, 30, 35, 40, 45, 50, 55, 60, 70;M8, M10, M12, M14, M16;;<br \/>\n75;<strong> 22, 36, 40, 42, 45, 48, 50, 55<\/strong>;15, 20, 25, 28, 30, 52, 60, 65, 70, 100; <strong>M12<\/strong>#M8, M10, M12, M14, M16;<strong>M12<\/strong>x 27, 30, 37;<br \/>\n80; ;17, 30, 40, 50, 60, 80; M10, M12, M14, M16;;<br \/>\n100;<strong> 36, 40, 42, 45, 48, 50, 54, 55, 60<\/strong>;25, 30, 35, 65, 70, 75, 80, 100;<strong>M16<\/strong>#M10, M12, M14, M20, M24;<strong>M16<\/strong>x 37, 47;<br \/>\n125; ;40, 55, 60, 70, 75, 100, 125; M12, M16;;<br \/>\n150; ;45, 50, 55, 60, 75, 100, 120, 150; M16, M20;;<br \/>\n164; ;75; M16;;<br \/>\n200; ;100; M20, M24;;<\/p>\n","protected":false},"excerpt":{"rendered":"<article class=\"productsheet\"><img class=\"alignleft wp-image-3366 skip-lazy\" src=\"http:\/\/swerub.se\/wp-content\/uploads\/2022\/06\/Doc_icon.jpg\" alt=\"\" width=\"25\" height=\"25\" \/><a style=\"font-size: 1rem;\" href=\"https:\/\/swerub.se\/wp-content\/uploads\/2022\/05\/Swerub-D.pdf\" target=\"_blank\" rel=\"noopener\"><span style=\"color: #000000;\">View product sheet<\/span><\/a><\/article>\n<p><span lang=\"EN-US\">Cylindrical Vibration Damper <\/span><\/p>\n<p>The SWERUB D-mounting is available in desired shore and rubber quality.<\/p>\n<p>This is an example of how we describe our product SWERUB D:<\/p>\n<p><img class=\"aligncenter wp-image-1248 size-full\" src=\"https:\/\/swerub.se\/wp-content\/uploads\/2015\/10\/D03030.jpg\" alt=\"D03030\" width=\"349\" height=\"213\" \/><\/p>\n<p>*Optional dampers can be ordered with a longer delivery time.<\/p>\n<p>*&#8221;Optional&#8221; d\u00e4mpare kan best\u00e4llas med en l\u00e4ngre leveranstid.<\/p>\n<p>&nbsp;<\/p>\n<p>&nbsp;<\/p>\n","protected":false},"featured_media":1425,"comment_status":"closed","ping_status":"closed","template":"","meta":[],"product_cat":[20,15],"product_tag":[],"acf":[],"_links":{"self":[{"href":"https:\/\/swerub.se\/en\/wp-json\/wp\/v2\/product\/736"}],"collection":[{"href":"https:\/\/swerub.se\/en\/wp-json\/wp\/v2\/product"}],"about":[{"href":"https:\/\/swerub.se\/en\/wp-json\/wp\/v2\/types\/product"}],"replies":[{"embeddable":true,"href":"https:\/\/swerub.se\/en\/wp-json\/wp\/v2\/comments?post=736"}],"wp:featuredmedia":[{"embeddable":true,"href":"https:\/\/swerub.se\/en\/wp-json\/wp\/v2\/media\/1425"}],"wp:attachment":[{"href":"https:\/\/swerub.se\/en\/wp-json\/wp\/v2\/media?parent=736"}],"wp:term":[{"taxonomy":"product_cat","embeddable":true,"href":"https:\/\/swerub.se\/en\/wp-json\/wp\/v2\/product_cat?post=736"},{"taxonomy":"product_tag","embeddable":true,"href":"https:\/\/swerub.se\/en\/wp-json\/wp\/v2\/product_tag?post=736"}],"curies":[{"name":"wp","href":"https:\/\/api.w.org\/{rel}","templated":true}]}}