{"id":49,"date":"2014-06-12T14:58:13","date_gmt":"2014-06-12T14:58:13","guid":{"rendered":"http:\/\/mothernet.se\/swerub\/?post_type=product&#038;p=49"},"modified":"2022-06-09T15:24:39","modified_gmt":"2022-06-09T13:24:39","slug":"swerub-e","status":"publish","type":"product","link":"https:\/\/swerub.se\/en\/shop\/cylindrical-dampers\/swerub-e\/","title":{"rendered":"SWERUB E"},"content":{"rendered":"<p><img class=\"aligncenter wp-image-1473\" src=\"https:\/\/swerub.se\/wp-content\/uploads\/2014\/06\/SWERUB-MATT-E-500x301.jpg\" alt=\"\" width=\"400\" height=\"241\" srcset=\"https:\/\/swerub.se\/wp-content\/uploads\/2014\/06\/SWERUB-MATT-E-scaled-500x301.jpg 500w, https:\/\/swerub.se\/wp-content\/uploads\/2014\/06\/SWERUB-MATT-E-910x548.jpg 910w, https:\/\/swerub.se\/wp-content\/uploads\/2014\/06\/SWERUB-MATT-E-1080x650.jpg 1080w\" sizes=\"(max-width: 400px) 100vw, 400px\" \/><\/p>\n<p>All measures are in mm<\/p>\n<p>!dimensiontable!<br \/>\nd1; \u00a0 \u00a0 \u00a0 \u00a0H#Standard; \u00a0 \u00a0 \u00a0 \u00a0 H#*Optional;d2;t<br \/>\n6;;7, 8, 9, 10, 13;M3;3<br \/>\n8;;6, 8, 10, 13, 15;M3;3<br \/>\n10;<strong>10, 15<\/strong>; 8, 9, 12, 17, 18, 30;<strong>M4<\/strong>#M3;<strong>4#<\/strong>3<br \/>\n15;<strong>7, 10, 15, 20;<\/strong>6, 8, 9, 12, 13, 18, 25, 28, 30;<strong>M4,<\/strong> M5#M3, M6, M8 ;<strong>4, 5<\/strong>#3, 6, 8<br \/>\n18;;10, 13, 14, 15;M5, M6;5, 6<br \/>\n20;<strong>10, 15, 20, 25, 30, 40;<\/strong>12, 13, 17, 18, 22, 23, 60 ;<strong>M6#<\/strong>M4, M5, M8, M10;<strong>6<\/strong>#4, 5, 8, 10<br \/>\n25;<strong>15, 20, 22, 25, 30<\/strong>;10, 12, 13, 17, 18, 27, 28, 35, 40, 50;<strong>M6, <\/strong>M8#M4, M5, M12;<strong>6, 8<\/strong>#4, 5, 12<br \/>\n30;<strong>15, 17, 20, 22, 25, 28, 30, 36, 40<\/strong>;10, 12, 13, 16, 18, 27, 35, 42, 45, 50; <strong>M8<\/strong>#M5, M6, M10, M12, M16;<strong>8#<\/strong>5, 6, 10, 12, 16<br \/>\n40;<strong>15, 20, 25, 30, 40<\/strong>;10, 17, 27, 28, 35, 38, 45, 50, 55, 60;<strong>M8, M10<\/strong>#M5, M6, M12, M16;<strong>8, 10<\/strong>#5, 6, 12, 16<br \/>\n50;<strong>20, 25, 30, 36, 40, 42, 45, 48, 50<\/strong>;12, 15, 17, 18, 22, 27, 37, 55, 60, 65, 70, 80;<strong>M10<\/strong>#M5, M6, M8, M12, M16;<strong>10#<\/strong>5, 6, 8, 12, 16<br \/>\n60;;20, 25, 30, 35, 40, 45, 50, 60;M8, M10, M12;8, 10, 12, 10<br \/>\n70;;20, 25, 30, 35, 40, 45, 50, 55, 60, 70;M10, M12;10, 12<br \/>\n75;<strong>36, 40, 42, 45, 48, 50, 55<\/strong>;15, 20, 25, 28, 30, 52, 60, 65, 70, 100;<strong>M12<\/strong>#M8, M10, M14, M16;<strong>12<\/strong>#8, 10, 14, 16<br \/>\n80;;30, 40, 50, 60, 80;M10, M12, M14, M16;12, 14, 16<br \/>\n100;<strong>40, 42, 45, 48, 50, 54, 55, 60<\/strong>;25, 30, 35, 65, 70, 75, 80, 100;<strong>M16#<\/strong>M10, M12, M14, M20, M24;<strong>16<\/strong>#10, 12, 14, 20, 24<br \/>\n125;;40, 55, 60, 70, 75, 100, 125;M12, M16;12, 16<br \/>\n150;;45, 50, 55, 60, 75, 100, 120, 150;M16, M20;16, 20<br \/>\n164;;75;M16, M20;16, 20<br \/>\n200;;100;M20, M24;20, 24<\/p>\n","protected":false},"excerpt":{"rendered":"<article class=\"productsheet\"><img class=\"alignleft wp-image-3366 skip-lazy\" src=\"http:\/\/swerub.se\/wp-content\/uploads\/2022\/06\/Doc_icon.jpg\" alt=\"\" width=\"25\" height=\"25\" \/><a style=\"font-size: 1rem;\" href=\"https:\/\/swerub.se\/wp-content\/uploads\/2022\/05\/Swerub-E.pdf\" target=\"_blank\" rel=\"noopener\"><span style=\"color: #000000;\">View product sheet<\/span><\/a><\/article>\n<p><span lang=\"EN-US\">Cylindrical Vibration Damper <\/span><\/p>\n<p><span style=\"color: #000000;\">The Swerub E-mounting is available in desired shore and\u00a0<\/span><span style=\"color: #000000;\">rubber quality.\u00a0<\/span><\/p>\n<p>This is an example of how we describe our product SWERUB E:<\/p>\n<p><img class=\"aligncenter wp-image-1249 size-full\" src=\"https:\/\/swerub.se\/wp-content\/uploads\/2015\/10\/E3030.jpg\" alt=\"E3030\" width=\"266\" height=\"205\" \/><\/p>\n<p>*Optional dampers can be ordered with a longer delivery time.<\/p>\n<p>*&#8221;Optional&#8221; d\u00e4mpare kan best\u00e4llas med en l\u00e4ngre leveranstid.<\/p>\n<p>&nbsp;<\/p>\n<p>&nbsp;<\/p>\n","protected":false},"featured_media":1424,"comment_status":"closed","ping_status":"closed","template":"","meta":[],"product_cat":[20,15],"product_tag":[],"acf":[],"_links":{"self":[{"href":"https:\/\/swerub.se\/en\/wp-json\/wp\/v2\/product\/49"}],"collection":[{"href":"https:\/\/swerub.se\/en\/wp-json\/wp\/v2\/product"}],"about":[{"href":"https:\/\/swerub.se\/en\/wp-json\/wp\/v2\/types\/product"}],"replies":[{"embeddable":true,"href":"https:\/\/swerub.se\/en\/wp-json\/wp\/v2\/comments?post=49"}],"wp:featuredmedia":[{"embeddable":true,"href":"https:\/\/swerub.se\/en\/wp-json\/wp\/v2\/media\/1424"}],"wp:attachment":[{"href":"https:\/\/swerub.se\/en\/wp-json\/wp\/v2\/media?parent=49"}],"wp:term":[{"taxonomy":"product_cat","embeddable":true,"href":"https:\/\/swerub.se\/en\/wp-json\/wp\/v2\/product_cat?post=49"},{"taxonomy":"product_tag","embeddable":true,"href":"https:\/\/swerub.se\/en\/wp-json\/wp\/v2\/product_tag?post=49"}],"curies":[{"name":"wp","href":"https:\/\/api.w.org\/{rel}","templated":true}]}}