{"id":44,"date":"2014-06-12T14:50:59","date_gmt":"2014-06-12T14:50:59","guid":{"rendered":"http:\/\/mothernet.se\/swerub\/?post_type=product&#038;p=44"},"modified":"2022-10-04T11:12:44","modified_gmt":"2022-10-04T09:12:44","slug":"swerub-a","status":"publish","type":"product","link":"https:\/\/swerub.se\/en\/shop\/cylindrical-dampers\/swerub-a\/","title":{"rendered":"SWERUB A"},"content":{"rendered":"","protected":false},"excerpt":{"rendered":"<article class=\"productsheet\"><span style=\"font-family: inherit; font-size: 1rem;\"><span style=\"color: #000000;\" data-wp-editing=\"1\"><span style=\"font-size: 1rem;\"><span style=\"font-size: 1rem;\"><img class=\"alignleft wp-image-3420 skip-lazy\" src=\"http:\/\/swerub.se\/wp-content\/uploads\/2022\/06\/Doc_icon.jpg\" alt=\"\" width=\"25\" height=\"25\" srcset=\"https:\/\/swerub.se\/wp-content\/uploads\/2022\/06\/Doc_icon.jpg 664w, https:\/\/swerub.se\/wp-content\/uploads\/2022\/06\/Doc_icon-500x500.jpg 500w, https:\/\/swerub.se\/wp-content\/uploads\/2022\/06\/Doc_icon-548x548.jpg 548w, https:\/\/swerub.se\/wp-content\/uploads\/2022\/06\/Doc_icon-150x150.jpg 150w, https:\/\/swerub.se\/wp-content\/uploads\/2022\/06\/Doc_icon-100x100.jpg 100w\" sizes=\"(max-width: 25px) 100vw, 25px\" \/><\/span><\/span><\/span><\/span><a style=\"font-size: 1rem;\" href=\"https:\/\/swerub.se\/wp-content\/uploads\/2022\/05\/Swerub-A.pdf\" target=\"_blank\" rel=\"noopener\"><span style=\"color: #000000;\" data-wp-editing=\"1\">View product sheet<\/span><\/a><\/article>\n<article><\/article>\n<p><span lang=\"EN-US\">Cylindrical Vibration Damper <\/span><\/p>\n<p>The SWERUB A-mounting is available in desired shore and rubber quality. The dimensions h1 and h2 are available in different combinations.<\/p>\n<p>This is an example of how we describe our product SWERUB A:<\/p>\n<p><img class=\" wp-image-1782 size-full aligncenter\" src=\"https:\/\/swerub.se\/wp-content\/uploads\/2014\/06\/swerub_a_articlenumber1.png\" alt=\"\" width=\"277\" height=\"155\" \/><\/p>\n<p>&nbsp;<\/p>\n<p>*Optional dampers can be ordered with a longer delivery time.<\/p>\n<p>*&#8221;Optional&#8221; d\u00e4mpare kan best\u00e4llas med en l\u00e4ngre leveranstid.<\/p>\n<p>&nbsp;<\/p>\n<p>&nbsp;<\/p>\n","protected":false},"featured_media":1427,"comment_status":"closed","ping_status":"closed","template":"","meta":[],"product_cat":[20,15],"product_tag":[],"acf":[],"_links":{"self":[{"href":"https:\/\/swerub.se\/en\/wp-json\/wp\/v2\/product\/44"}],"collection":[{"href":"https:\/\/swerub.se\/en\/wp-json\/wp\/v2\/product"}],"about":[{"href":"https:\/\/swerub.se\/en\/wp-json\/wp\/v2\/types\/product"}],"replies":[{"embeddable":true,"href":"https:\/\/swerub.se\/en\/wp-json\/wp\/v2\/comments?post=44"}],"wp:featuredmedia":[{"embeddable":true,"href":"https:\/\/swerub.se\/en\/wp-json\/wp\/v2\/media\/1427"}],"wp:attachment":[{"href":"https:\/\/swerub.se\/en\/wp-json\/wp\/v2\/media?parent=44"}],"wp:term":[{"taxonomy":"product_cat","embeddable":true,"href":"https:\/\/swerub.se\/en\/wp-json\/wp\/v2\/product_cat?post=44"},{"taxonomy":"product_tag","embeddable":true,"href":"https:\/\/swerub.se\/en\/wp-json\/wp\/v2\/product_tag?post=44"}],"curies":[{"name":"wp","href":"https:\/\/api.w.org\/{rel}","templated":true}]}}